{"id":220,"date":"2019-03-22T14:42:27","date_gmt":"2019-03-22T14:42:27","guid":{"rendered":"http:\/\/northstar.uncommonschools.org\/?page_id=220"},"modified":"2025-11-03T18:50:21","modified_gmt":"2025-11-03T18:50:21","slug":"enroll","status":"publish","type":"page","link":"https:\/\/northstar.uncommonschools.org\/vi\/enroll\/","title":{"rendered":"Tham gia"},"content":{"rendered":"","protected":false},"excerpt":{"rendered":"","protected":false},"author":1,"featured_media":0,"parent":0,"menu_order":0,"comment_status":"closed","ping_status":"closed","template":"","meta":{"_acf_changed":false,"_monsterinsights_skip_tracking":false,"_monsterinsights_sitenote_active":false,"_monsterinsights_sitenote_note":"","_monsterinsights_sitenote_category":0,"footnotes":""},"class_list":["post-220","page","type-page","status-publish","hentry"],"acf":[],"yoast_head":"<!-- This site is optimized with the Yoast SEO plugin v27.2 - https:\/\/yoast.com\/product\/yoast-seo-wordpress\/ -->\n<title>Enroll - Uncommon Schools Newark<\/title>\n<meta name=\"description\" content=\"Recently ranked #1 Public Charter School in Newark by U.S. News and World Report, North Star Academy is a tuition-free K-12 public charter school, and is open to all residents of New Jersey. Families can enroll their child by applying online.\" \/>\n<meta name=\"robots\" content=\"index, follow, max-snippet:-1, max-image-preview:large, max-video-preview:-1\" \/>\n<link rel=\"canonical\" href=\"https:\/\/northstar.uncommonschools.org\/vi\/enroll\/\" \/>\n<meta property=\"og:locale\" content=\"vi_VN\" \/>\n<meta property=\"og:type\" content=\"article\" \/>\n<meta property=\"og:title\" content=\"Enroll - Uncommon Schools Newark\" \/>\n<meta property=\"og:description\" content=\"Recently ranked #1 Public Charter School in Newark by U.S. News and World Report, North Star Academy is a tuition-free K-12 public charter school, and is open to all residents of New Jersey. Families can enroll their child by applying online.\" \/>\n<meta property=\"og:url\" content=\"https:\/\/northstar.uncommonschools.org\/vi\/enroll\/\" \/>\n<meta property=\"og:site_name\" content=\"Uncommon Schools Newark\" \/>\n<meta property=\"article:modified_time\" content=\"2025-11-03T18:50:21+00:00\" \/>\n<meta name=\"twitter:card\" content=\"summary_large_image\" \/>\n<script type=\"application\/ld+json\" class=\"yoast-schema-graph\">{\"@context\":\"https:\/\/schema.org\",\"@graph\":[{\"@type\":\"WebPage\",\"@id\":\"https:\/\/northstar.uncommonschools.org\/enroll\/\",\"url\":\"https:\/\/northstar.uncommonschools.org\/enroll\/\",\"name\":\"Enroll - Uncommon Schools Newark\",\"isPartOf\":{\"@id\":\"https:\/\/northstar.uncommonschools.org\/#website\"},\"datePublished\":\"2019-03-22T14:42:27+00:00\",\"dateModified\":\"2025-11-03T18:50:21+00:00\",\"description\":\"Recently ranked #1 Public Charter School in Newark by U.S. News and World Report, North Star Academy is a tuition-free K-12 public charter school, and is open to all residents of New Jersey. Families can enroll their child by applying online.\",\"breadcrumb\":{\"@id\":\"https:\/\/northstar.uncommonschools.org\/enroll\/#breadcrumb\"},\"inLanguage\":\"vi\",\"potentialAction\":[{\"@type\":\"ReadAction\",\"target\":[\"https:\/\/northstar.uncommonschools.org\/enroll\/\"]}]},{\"@type\":\"BreadcrumbList\",\"@id\":\"https:\/\/northstar.uncommonschools.org\/enroll\/#breadcrumb\",\"itemListElement\":[{\"@type\":\"ListItem\",\"position\":1,\"name\":\"Home\",\"item\":\"https:\/\/northstar.uncommonschools.org\/\"},{\"@type\":\"ListItem\",\"position\":2,\"name\":\"Enroll\"}]},{\"@type\":\"WebSite\",\"@id\":\"https:\/\/northstar.uncommonschools.org\/#website\",\"url\":\"https:\/\/northstar.uncommonschools.org\/\",\"name\":\"Uncommon Schools Newark\",\"description\":\"North Star Academy Charter School of Newark\",\"potentialAction\":[{\"@type\":\"SearchAction\",\"target\":{\"@type\":\"EntryPoint\",\"urlTemplate\":\"https:\/\/northstar.uncommonschools.org\/?s={search_term_string}\"},\"query-input\":{\"@type\":\"PropertyValueSpecification\",\"valueRequired\":true,\"valueName\":\"search_term_string\"}}],\"inLanguage\":\"vi\"}]}<\/script>\n<!-- \/ Yoast SEO plugin. -->","yoast_head_json":{"title":"\u0110\u0103ng k\u00fd - Tr\u01b0\u1eddng h\u1ecdc Uncommon Newark","description":"G\u1ea7n \u0111\u00e2y, North Star Academy \u0111\u00e3 \u0111\u01b0\u1ee3c x\u1ebfp h\u1ea1ng #1 trong danh s\u00e1ch c\u00e1c tr\u01b0\u1eddng c\u00f4ng l\u1eadp t\u1ef1 tr\u1ecb t\u1ea1i Newark b\u1edfi U.S. News and World Report. \u0110\u00e2y l\u00e0 m\u1ed9t tr\u01b0\u1eddng c\u00f4ng l\u1eadp t\u1ef1 tr\u1ecb mi\u1ec5n ph\u00ed t\u1eeb l\u1edbp 1 \u0111\u1ebfn l\u1edbp 12, v\u00e0 m\u1edf c\u1eeda cho t\u1ea5t c\u1ea3 c\u01b0 d\u00e2n c\u1ee7a New Jersey. C\u00e1c gia \u0111\u00ecnh c\u00f3 th\u1ec3 \u0111\u0103ng k\u00fd cho con em m\u00ecnh b\u1eb1ng c\u00e1ch n\u1ed9p \u0111\u01a1n tr\u1ef1c tuy\u1ebfn.","robots":{"index":"index","follow":"follow","max-snippet":"max-snippet:-1","max-image-preview":"max-image-preview:large","max-video-preview":"max-video-preview:-1"},"canonical":"https:\/\/northstar.uncommonschools.org\/vi\/enroll\/","og_locale":"vi_VN","og_type":"article","og_title":"Enroll - Uncommon Schools Newark","og_description":"Recently ranked #1 Public Charter School in Newark by U.S. News and World Report, North Star Academy is a tuition-free K-12 public charter school, and is open to all residents of New Jersey. Families can enroll their child by applying online.","og_url":"https:\/\/northstar.uncommonschools.org\/vi\/enroll\/","og_site_name":"Uncommon Schools Newark","article_modified_time":"2025-11-03T18:50:21+00:00","twitter_card":"summary_large_image","schema":{"@context":"https:\/\/schema.org","@graph":[{"@type":"WebPage","@id":"https:\/\/northstar.uncommonschools.org\/enroll\/","url":"https:\/\/northstar.uncommonschools.org\/enroll\/","name":"\u0110\u0103ng k\u00fd - Tr\u01b0\u1eddng h\u1ecdc Uncommon Newark","isPartOf":{"@id":"https:\/\/northstar.uncommonschools.org\/#website"},"datePublished":"2019-03-22T14:42:27+00:00","dateModified":"2025-11-03T18:50:21+00:00","description":"G\u1ea7n \u0111\u00e2y, North Star Academy \u0111\u00e3 \u0111\u01b0\u1ee3c x\u1ebfp h\u1ea1ng #1 trong danh s\u00e1ch c\u00e1c tr\u01b0\u1eddng c\u00f4ng l\u1eadp t\u1ef1 tr\u1ecb t\u1ea1i Newark b\u1edfi U.S. News and World Report. \u0110\u00e2y l\u00e0 m\u1ed9t tr\u01b0\u1eddng c\u00f4ng l\u1eadp t\u1ef1 tr\u1ecb mi\u1ec5n ph\u00ed t\u1eeb l\u1edbp 1 \u0111\u1ebfn l\u1edbp 12, v\u00e0 m\u1edf c\u1eeda cho t\u1ea5t c\u1ea3 c\u01b0 d\u00e2n c\u1ee7a New Jersey. C\u00e1c gia \u0111\u00ecnh c\u00f3 th\u1ec3 \u0111\u0103ng k\u00fd cho con em m\u00ecnh b\u1eb1ng c\u00e1ch n\u1ed9p \u0111\u01a1n tr\u1ef1c tuy\u1ebfn.","breadcrumb":{"@id":"https:\/\/northstar.uncommonschools.org\/enroll\/#breadcrumb"},"inLanguage":"vi","potentialAction":[{"@type":"ReadAction","target":["https:\/\/northstar.uncommonschools.org\/enroll\/"]}]},{"@type":"BreadcrumbList","@id":"https:\/\/northstar.uncommonschools.org\/enroll\/#breadcrumb","itemListElement":[{"@type":"ListItem","position":1,"name":"Home","item":"https:\/\/northstar.uncommonschools.org\/"},{"@type":"ListItem","position":2,"name":"Enroll"}]},{"@type":"WebSite","@id":"https:\/\/northstar.uncommonschools.org\/#website","url":"https:\/\/northstar.uncommonschools.org\/","name":"Tr\u01b0\u1eddng h\u1ecdc kh\u00f4ng ph\u1ed5 bi\u1ebfn Newark","description":"Tr\u01b0\u1eddng Charter Academy North Star t\u1ea1i Newark","potentialAction":[{"@type":"SearchAction","target":{"@type":"EntryPoint","urlTemplate":"https:\/\/northstar.uncommonschools.org\/?s={search_term_string}"},"query-input":{"@type":"PropertyValueSpecification","valueRequired":true,"valueName":"search_term_string"}}],"inLanguage":"vi"}]}},"_links":{"self":[{"href":"https:\/\/northstar.uncommonschools.org\/vi\/wp-json\/wp\/v2\/pages\/220","targetHints":{"allow":["GET"]}}],"collection":[{"href":"https:\/\/northstar.uncommonschools.org\/vi\/wp-json\/wp\/v2\/pages"}],"about":[{"href":"https:\/\/northstar.uncommonschools.org\/vi\/wp-json\/wp\/v2\/types\/page"}],"author":[{"embeddable":true,"href":"https:\/\/northstar.uncommonschools.org\/vi\/wp-json\/wp\/v2\/users\/1"}],"replies":[{"embeddable":true,"href":"https:\/\/northstar.uncommonschools.org\/vi\/wp-json\/wp\/v2\/comments?post=220"}],"version-history":[{"count":0,"href":"https:\/\/northstar.uncommonschools.org\/vi\/wp-json\/wp\/v2\/pages\/220\/revisions"}],"wp:attachment":[{"href":"https:\/\/northstar.uncommonschools.org\/vi\/wp-json\/wp\/v2\/media?parent=220"}],"curies":[{"name":"wp","href":"https:\/\/api.w.org\/{rel}","templated":true}]}}