{"id":220,"date":"2019-03-22T14:42:27","date_gmt":"2019-03-22T14:42:27","guid":{"rendered":"http:\/\/northstar.uncommonschools.org\/?page_id=220"},"modified":"2025-11-03T18:50:21","modified_gmt":"2025-11-03T18:50:21","slug":"enroll","status":"publish","type":"page","link":"https:\/\/northstar.uncommonschools.org\/fr\/enroll\/","title":{"rendered":"S'inscrire"},"content":{"rendered":"","protected":false},"excerpt":{"rendered":"","protected":false},"author":1,"featured_media":0,"parent":0,"menu_order":0,"comment_status":"closed","ping_status":"closed","template":"","meta":{"_acf_changed":false,"_monsterinsights_skip_tracking":false,"_monsterinsights_sitenote_active":false,"_monsterinsights_sitenote_note":"","_monsterinsights_sitenote_category":0,"footnotes":""},"class_list":["post-220","page","type-page","status-publish","hentry"],"acf":[],"yoast_head":"<!-- This site is optimized with the Yoast SEO plugin v27.2 - https:\/\/yoast.com\/product\/yoast-seo-wordpress\/ -->\n<title>Enroll - Uncommon Schools Newark<\/title>\n<meta name=\"description\" content=\"Recently ranked #1 Public Charter School in Newark by U.S. News and World Report, North Star Academy is a tuition-free K-12 public charter school, and is open to all residents of New Jersey. Families can enroll their child by applying online.\" \/>\n<meta name=\"robots\" content=\"index, follow, max-snippet:-1, max-image-preview:large, max-video-preview:-1\" \/>\n<link rel=\"canonical\" href=\"https:\/\/northstar.uncommonschools.org\/fr\/enroll\/\" \/>\n<meta property=\"og:locale\" content=\"fr_FR\" \/>\n<meta property=\"og:type\" content=\"article\" \/>\n<meta property=\"og:title\" content=\"Enroll - Uncommon Schools Newark\" \/>\n<meta property=\"og:description\" content=\"Recently ranked #1 Public Charter School in Newark by U.S. News and World Report, North Star Academy is a tuition-free K-12 public charter school, and is open to all residents of New Jersey. Families can enroll their child by applying online.\" \/>\n<meta property=\"og:url\" content=\"https:\/\/northstar.uncommonschools.org\/fr\/enroll\/\" \/>\n<meta property=\"og:site_name\" content=\"Uncommon Schools Newark\" \/>\n<meta property=\"article:modified_time\" content=\"2025-11-03T18:50:21+00:00\" \/>\n<meta name=\"twitter:card\" content=\"summary_large_image\" \/>\n<script type=\"application\/ld+json\" class=\"yoast-schema-graph\">{\"@context\":\"https:\/\/schema.org\",\"@graph\":[{\"@type\":\"WebPage\",\"@id\":\"https:\/\/northstar.uncommonschools.org\/enroll\/\",\"url\":\"https:\/\/northstar.uncommonschools.org\/enroll\/\",\"name\":\"Enroll - Uncommon Schools Newark\",\"isPartOf\":{\"@id\":\"https:\/\/northstar.uncommonschools.org\/#website\"},\"datePublished\":\"2019-03-22T14:42:27+00:00\",\"dateModified\":\"2025-11-03T18:50:21+00:00\",\"description\":\"Recently ranked #1 Public Charter School in Newark by U.S. News and World Report, North Star Academy is a tuition-free K-12 public charter school, and is open to all residents of New Jersey. Families can enroll their child by applying online.\",\"breadcrumb\":{\"@id\":\"https:\/\/northstar.uncommonschools.org\/enroll\/#breadcrumb\"},\"inLanguage\":\"fr-FR\",\"potentialAction\":[{\"@type\":\"ReadAction\",\"target\":[\"https:\/\/northstar.uncommonschools.org\/enroll\/\"]}]},{\"@type\":\"BreadcrumbList\",\"@id\":\"https:\/\/northstar.uncommonschools.org\/enroll\/#breadcrumb\",\"itemListElement\":[{\"@type\":\"ListItem\",\"position\":1,\"name\":\"Home\",\"item\":\"https:\/\/northstar.uncommonschools.org\/\"},{\"@type\":\"ListItem\",\"position\":2,\"name\":\"Enroll\"}]},{\"@type\":\"WebSite\",\"@id\":\"https:\/\/northstar.uncommonschools.org\/#website\",\"url\":\"https:\/\/northstar.uncommonschools.org\/\",\"name\":\"Uncommon Schools Newark\",\"description\":\"North Star Academy Charter School of Newark\",\"potentialAction\":[{\"@type\":\"SearchAction\",\"target\":{\"@type\":\"EntryPoint\",\"urlTemplate\":\"https:\/\/northstar.uncommonschools.org\/?s={search_term_string}\"},\"query-input\":{\"@type\":\"PropertyValueSpecification\",\"valueRequired\":true,\"valueName\":\"search_term_string\"}}],\"inLanguage\":\"fr-FR\"}]}<\/script>\n<!-- \/ Yoast SEO plugin. -->","yoast_head_json":{"title":"S'inscrire - Uncommon Schools Newark","description":"R\u00e9cemment class\u00e9e #1 Public Charter School \u00e0 Newark par U.S. News and World Report, la North Star Academy est une \u00e9cole publique \u00e0 charte gratuite, ouverte \u00e0 tous les r\u00e9sidents du New Jersey. Les familles peuvent inscrire leur enfant en s'inscrivant en ligne.","robots":{"index":"index","follow":"follow","max-snippet":"max-snippet:-1","max-image-preview":"max-image-preview:large","max-video-preview":"max-video-preview:-1"},"canonical":"https:\/\/northstar.uncommonschools.org\/fr\/enroll\/","og_locale":"fr_FR","og_type":"article","og_title":"Enroll - Uncommon Schools Newark","og_description":"Recently ranked #1 Public Charter School in Newark by U.S. News and World Report, North Star Academy is a tuition-free K-12 public charter school, and is open to all residents of New Jersey. Families can enroll their child by applying online.","og_url":"https:\/\/northstar.uncommonschools.org\/fr\/enroll\/","og_site_name":"Uncommon Schools Newark","article_modified_time":"2025-11-03T18:50:21+00:00","twitter_card":"summary_large_image","schema":{"@context":"https:\/\/schema.org","@graph":[{"@type":"WebPage","@id":"https:\/\/northstar.uncommonschools.org\/enroll\/","url":"https:\/\/northstar.uncommonschools.org\/enroll\/","name":"S'inscrire - Uncommon Schools Newark","isPartOf":{"@id":"https:\/\/northstar.uncommonschools.org\/#website"},"datePublished":"2019-03-22T14:42:27+00:00","dateModified":"2025-11-03T18:50:21+00:00","description":"R\u00e9cemment class\u00e9e #1 Public Charter School \u00e0 Newark par U.S. News and World Report, la North Star Academy est une \u00e9cole publique \u00e0 charte gratuite, ouverte \u00e0 tous les r\u00e9sidents du New Jersey. Les familles peuvent inscrire leur enfant en s'inscrivant en ligne.","breadcrumb":{"@id":"https:\/\/northstar.uncommonschools.org\/enroll\/#breadcrumb"},"inLanguage":"fr-FR","potentialAction":[{"@type":"ReadAction","target":["https:\/\/northstar.uncommonschools.org\/enroll\/"]}]},{"@type":"BreadcrumbList","@id":"https:\/\/northstar.uncommonschools.org\/enroll\/#breadcrumb","itemListElement":[{"@type":"ListItem","position":1,"name":"Home","item":"https:\/\/northstar.uncommonschools.org\/"},{"@type":"ListItem","position":2,"name":"Enroll"}]},{"@type":"WebSite","@id":"https:\/\/northstar.uncommonschools.org\/#website","url":"https:\/\/northstar.uncommonschools.org\/","name":"Uncommon Schools Newark","description":"North Star Academy Charter School de Newark","potentialAction":[{"@type":"SearchAction","target":{"@type":"EntryPoint","urlTemplate":"https:\/\/northstar.uncommonschools.org\/?s={search_term_string}"},"query-input":{"@type":"PropertyValueSpecification","valueRequired":true,"valueName":"search_term_string"}}],"inLanguage":"fr-FR"}]}},"_links":{"self":[{"href":"https:\/\/northstar.uncommonschools.org\/fr\/wp-json\/wp\/v2\/pages\/220","targetHints":{"allow":["GET"]}}],"collection":[{"href":"https:\/\/northstar.uncommonschools.org\/fr\/wp-json\/wp\/v2\/pages"}],"about":[{"href":"https:\/\/northstar.uncommonschools.org\/fr\/wp-json\/wp\/v2\/types\/page"}],"author":[{"embeddable":true,"href":"https:\/\/northstar.uncommonschools.org\/fr\/wp-json\/wp\/v2\/users\/1"}],"replies":[{"embeddable":true,"href":"https:\/\/northstar.uncommonschools.org\/fr\/wp-json\/wp\/v2\/comments?post=220"}],"version-history":[{"count":0,"href":"https:\/\/northstar.uncommonschools.org\/fr\/wp-json\/wp\/v2\/pages\/220\/revisions"}],"wp:attachment":[{"href":"https:\/\/northstar.uncommonschools.org\/fr\/wp-json\/wp\/v2\/media?parent=220"}],"curies":[{"name":"wp","href":"https:\/\/api.w.org\/{rel}","templated":true}]}}