{"id":2034,"date":"2024-09-30T20:28:21","date_gmt":"2024-09-30T20:28:21","guid":{"rendered":"https:\/\/northstar.uncommonschools.org\/donation-failed\/"},"modified":"2024-09-30T20:28:21","modified_gmt":"2024-09-30T20:28:21","slug":"donation-failed","status":"publish","type":"page","link":"https:\/\/northstar.uncommonschools.org\/es\/donation-failed\/","title":{"rendered":"Donaci\u00f3n fallida"},"content":{"rendered":"<p>Lo sentimos, su donaci\u00f3n no se ha procesado. Int\u00e9ntelo de nuevo o p\u00f3ngase en contacto con el servicio de asistencia.<\/p>","protected":false},"excerpt":{"rendered":"<p>Lo sentimos, su donaci\u00f3n no se ha procesado. Int\u00e9ntelo de nuevo o p\u00f3ngase en contacto con el servicio de asistencia.<\/p>","protected":false},"author":1,"featured_media":0,"parent":0,"menu_order":0,"comment_status":"closed","ping_status":"closed","template":"","meta":{"_acf_changed":false,"_monsterinsights_skip_tracking":false,"_monsterinsights_sitenote_active":false,"_monsterinsights_sitenote_note":"","_monsterinsights_sitenote_category":0,"footnotes":""},"class_list":["post-2034","page","type-page","status-publish","hentry"],"acf":[],"yoast_head":"<!-- This site is optimized with the Yoast SEO plugin v27.2 - https:\/\/yoast.com\/product\/yoast-seo-wordpress\/ -->\n<title>Donation Failed - Uncommon Schools Newark<\/title>\n<meta name=\"robots\" content=\"index, follow, max-snippet:-1, max-image-preview:large, max-video-preview:-1\" \/>\n<link rel=\"canonical\" href=\"https:\/\/northstar.uncommonschools.org\/es\/donation-failed\/\" \/>\n<meta property=\"og:locale\" content=\"es_MX\" \/>\n<meta property=\"og:type\" content=\"article\" \/>\n<meta property=\"og:title\" content=\"Donation Failed - Uncommon Schools Newark\" \/>\n<meta property=\"og:description\" content=\"We&#039;re sorry, your donation failed to process. Please try again or contact site support.\" \/>\n<meta property=\"og:url\" content=\"https:\/\/northstar.uncommonschools.org\/es\/donation-failed\/\" \/>\n<meta property=\"og:site_name\" content=\"Uncommon Schools Newark\" \/>\n<meta name=\"twitter:card\" content=\"summary_large_image\" \/>\n<script type=\"application\/ld+json\" class=\"yoast-schema-graph\">{\"@context\":\"https:\/\/schema.org\",\"@graph\":[{\"@type\":\"WebPage\",\"@id\":\"https:\/\/northstar.uncommonschools.org\/vi\/donation-failed\/\",\"url\":\"https:\/\/northstar.uncommonschools.org\/vi\/donation-failed\/\",\"name\":\"Donation Failed - Uncommon Schools Newark\",\"isPartOf\":{\"@id\":\"https:\/\/northstar.uncommonschools.org\/#website\"},\"datePublished\":\"2024-09-30T20:28:21+00:00\",\"breadcrumb\":{\"@id\":\"https:\/\/northstar.uncommonschools.org\/vi\/donation-failed\/#breadcrumb\"},\"inLanguage\":\"es\",\"potentialAction\":[{\"@type\":\"ReadAction\",\"target\":[\"https:\/\/northstar.uncommonschools.org\/vi\/donation-failed\/\"]}]},{\"@type\":\"BreadcrumbList\",\"@id\":\"https:\/\/northstar.uncommonschools.org\/vi\/donation-failed\/#breadcrumb\",\"itemListElement\":[{\"@type\":\"ListItem\",\"position\":1,\"name\":\"Home\",\"item\":\"https:\/\/northstar.uncommonschools.org\/\"},{\"@type\":\"ListItem\",\"position\":2,\"name\":\"Donation Failed\"}]},{\"@type\":\"WebSite\",\"@id\":\"https:\/\/northstar.uncommonschools.org\/#website\",\"url\":\"https:\/\/northstar.uncommonschools.org\/\",\"name\":\"Uncommon Schools Newark\",\"description\":\"North Star Academy Charter School of Newark\",\"potentialAction\":[{\"@type\":\"SearchAction\",\"target\":{\"@type\":\"EntryPoint\",\"urlTemplate\":\"https:\/\/northstar.uncommonschools.org\/?s={search_term_string}\"},\"query-input\":{\"@type\":\"PropertyValueSpecification\",\"valueRequired\":true,\"valueName\":\"search_term_string\"}}],\"inLanguage\":\"es\"}]}<\/script>\n<!-- \/ Yoast SEO plugin. -->","yoast_head_json":{"title":"Donaci\u00f3n fallida - Uncommon Schools Newark","robots":{"index":"index","follow":"follow","max-snippet":"max-snippet:-1","max-image-preview":"max-image-preview:large","max-video-preview":"max-video-preview:-1"},"canonical":"https:\/\/northstar.uncommonschools.org\/es\/donation-failed\/","og_locale":"es_MX","og_type":"article","og_title":"Donation Failed - Uncommon Schools Newark","og_description":"We&#039;re sorry, your donation failed to process. Please try again or contact site support.","og_url":"https:\/\/northstar.uncommonschools.org\/es\/donation-failed\/","og_site_name":"Uncommon Schools Newark","twitter_card":"summary_large_image","schema":{"@context":"https:\/\/schema.org","@graph":[{"@type":"WebPage","@id":"https:\/\/northstar.uncommonschools.org\/vi\/donation-failed\/","url":"https:\/\/northstar.uncommonschools.org\/vi\/donation-failed\/","name":"Donaci\u00f3n fallida - Uncommon Schools Newark","isPartOf":{"@id":"https:\/\/northstar.uncommonschools.org\/#website"},"datePublished":"2024-09-30T20:28:21+00:00","breadcrumb":{"@id":"https:\/\/northstar.uncommonschools.org\/vi\/donation-failed\/#breadcrumb"},"inLanguage":"es","potentialAction":[{"@type":"ReadAction","target":["https:\/\/northstar.uncommonschools.org\/vi\/donation-failed\/"]}]},{"@type":"BreadcrumbList","@id":"https:\/\/northstar.uncommonschools.org\/vi\/donation-failed\/#breadcrumb","itemListElement":[{"@type":"ListItem","position":1,"name":"Home","item":"https:\/\/northstar.uncommonschools.org\/"},{"@type":"ListItem","position":2,"name":"Donation Failed"}]},{"@type":"WebSite","@id":"https:\/\/northstar.uncommonschools.org\/#website","url":"https:\/\/northstar.uncommonschools.org\/","name":"Uncommon Schools Newark","description":"North Star Academy Charter School de Newark","potentialAction":[{"@type":"SearchAction","target":{"@type":"EntryPoint","urlTemplate":"https:\/\/northstar.uncommonschools.org\/?s={search_term_string}"},"query-input":{"@type":"PropertyValueSpecification","valueRequired":true,"valueName":"search_term_string"}}],"inLanguage":"es"}]}},"_links":{"self":[{"href":"https:\/\/northstar.uncommonschools.org\/es\/wp-json\/wp\/v2\/pages\/2034","targetHints":{"allow":["GET"]}}],"collection":[{"href":"https:\/\/northstar.uncommonschools.org\/es\/wp-json\/wp\/v2\/pages"}],"about":[{"href":"https:\/\/northstar.uncommonschools.org\/es\/wp-json\/wp\/v2\/types\/page"}],"author":[{"embeddable":true,"href":"https:\/\/northstar.uncommonschools.org\/es\/wp-json\/wp\/v2\/users\/1"}],"replies":[{"embeddable":true,"href":"https:\/\/northstar.uncommonschools.org\/es\/wp-json\/wp\/v2\/comments?post=2034"}],"version-history":[{"count":0,"href":"https:\/\/northstar.uncommonschools.org\/es\/wp-json\/wp\/v2\/pages\/2034\/revisions"}],"wp:attachment":[{"href":"https:\/\/northstar.uncommonschools.org\/es\/wp-json\/wp\/v2\/media?parent=2034"}],"curies":[{"name":"wp","href":"https:\/\/api.w.org\/{rel}","templated":true}]}}